{"id":2991,"date":"2021-04-08T11:06:06","date_gmt":"2021-04-08T09:06:06","guid":{"rendered":"https:\/\/www.m2larchitetti.com\/?page_id=2991"},"modified":"2021-04-12T18:44:18","modified_gmt":"2021-04-12T16:44:18","slug":"privacy-policy","status":"publish","type":"page","link":"https:\/\/www.m2larchitetti.com\/index.php\/privacy-policy\/","title":{"rendered":"Privacy Policy"},"content":{"rendered":"<h3>Politica di tutela della privacy RT 13 D. LGS. 30\/06\/2003 N. 196<\/h3>\n<h6>Ultimo Update: 09 Aprile 2021<\/h6>\n<p>Questo documento sulla Privacy descrive le procedure sulla collezione, utilizzo e divulgazione delle informazioni del CLIENTE per quanto il CLIENTE utilizza il Servizio e segnala tutti i suoi diritti in termini di privacy e come la legge lo tutela sugli stessi.<\/p>\n<p>Noi utilizziamo i dati personali del CLIENTE per poter dare un servizio adeguato e sempre migliore sul nostro sito web, per darvi un prodotto interessante e nuovo. Utilizzando il servizio, date il vostro assenso alla collezione ed utilizzo delle informazioni in accordo con questo documento.<\/p>\n<p>Il documento segue le regole di privacy dettate dal <strong>RT. 13 D.LGS. 30\/06\/2003 N. 196.<\/strong><\/p>\n<p>Macchi e Luoni architetti associati di Macchi Paolo, Luoni Mattia e Luoni Benedetto fa tutti gli sforzi necessari per seguire e attenersi alle leggi e regolamentazioni, per la gestione e regolamentazione della privacy, per assicurare che i tuoi dati siano mantenuti correttamente e al sicuro secondo le leggi italiane.<\/p>\n<p>Il sito si trova sui server WHM in LINUX basato su cPanel.<strong>&nbsp;<\/strong><\/p>\n<h5>INTERPRETAZIONI E DEFINIZIONI DEI SOGGETTI:<\/h5>\n<h6>Interpretazione<\/h6>\n<p>Le parole qui segnalate e scritte in stampato maiuscolo sono ora qui definite sotto le seguenti condizioni.<\/p>\n<p>Le seguenti condizioni devono avere lo stesso significato, sia se vengono scritte al singolare o al plurale.<\/p>\n<h6>Definizioni<\/h6>\n<p>In questo documento definiremo i soggetti come:<\/p>\n<ul>\n<li><strong>CLIENTI<\/strong> cio\u00e8 l\u2019individuo che accede al servizio, o la societ\u00e0 o altre entit\u00e0 legali in sua vece, che accede o utilizza il servizio dato dal nostro sito web<\/li>\n<li><strong>SOCIET\u00c0 <\/strong>che si riferisce (insieme a \u201cla societ\u00e0\u201d, \u201cnoi\u201d ,\u201cil nostro\u201d ,\u201ci nostri&#8221;) a Mattia Luoni &#8211; Via Matteotti 63, 21021 Cassano Magnago (Va).<\/li>\n<li><strong>AFFILIATI<\/strong> indicano le entit\u00e0 che controlla, ha il controllo o gestisce. Controllo significa avere la propriet\u00e0 di almeno 50% dello stesso, partecipazioni azionarie o altri titoli aventi diritto di voto per l&#8217;elezione di amministratori o altre autorit\u00e0 di gestione.<\/li>\n<li><strong>ACCOUNT<\/strong> indica un account unico creato per consentire all&#8217;utente di accedere al nostro Servizio o parti del nostro Servizio.<\/li>\n<li><strong>SITO WEB<\/strong> si riferisce a Macchi e Luoni architetti associati di Macchi Paolo, Luoni Mattia e Luoni Benedetto accessibile da https:\/\/www.m2larchitetti.com\/<\/li>\n<li><strong>SERVIZIO <\/strong>si riferisce al sito Web.<\/li>\n<li><strong>PAESE <\/strong>riferito a: Italia.<\/li>\n<li><strong>FORNITORE DI SERVIZI<\/strong> indica qualsiasi persona fisica o giuridica che elabora i dati per conto della Societ\u00e0. Si riferisce a societ\u00e0 terze o individui impiegati dalla Societ\u00e0 per facilitare il Servizio, fornire il Servizio per conto della Societ\u00e0, eseguire servizi relativi al Servizio o assistere la Societ\u00e0 nell&#8217;analisi dell&#8217;uso del Servizio.<\/li>\n<li><strong>SERVIZIO DI SOCIAL MEDIA DI TERZE PARTI <\/strong>si riferisce a qualsiasi sito Web o sito Web di social network attraverso il quale un utente pu\u00f2 accedere o creare un account per utilizzare il servizio.<\/li>\n<li><strong>DATI PERSONALI<\/strong> sono tutte le informazioni relative a un individuo identificato o identificabile.<\/li>\n<li><strong>COOKIE <\/strong>sono piccoli file che vengono inseriti sul tuo computer, dispositivo mobile o qualsiasi altro dispositivo da un sito Web, contenenti i dettagli della cronologia di navigazione su quel sito Web tra i suoi numerosi usi.<\/li>\n<li><strong>DISPOSITIVO<\/strong> indica qualsiasi dispositivo che pu\u00f2 accedere al Servizio come un computer, un cellulare o una tavoletta digitale.<\/li>\n<li><strong>DATI DI UTILIZZO <\/strong>si riferiscono ai dati raccolti automaticamente, generati dall&#8217;uso del Servizio o dall&#8217;infrastruttura del Servizio stesso (ad esempio, la durata di una visita alla pagina).<\/li>\n<\/ul>\n<h5>RACCOLTA e UTILIZZO dei DATI PERSONALI<\/h5>\n<h6>Tipi di dati raccolti<\/h6>\n<h6>Dati personali<\/h6>\n<p>Durante l&#8217;utilizzo del nostro servizio, potremmo chiederti di fornirci determinate informazioni di identificazione personale che possono essere utilizzate per contattarti o identificarti. Le informazioni di identificazione personale possono includere, ma non sono limitate a:<\/p>\n<ul>\n<li>Indirizzo email<\/li>\n<li>Nome e cognome<\/li>\n<li>Numero di telefono<\/li>\n<li>Dati di utilizzo<\/li>\n<\/ul>\n<p>Se volete che i vostri dati siano completamente cancellati potete contattarci all\u2019indirizzo m.luoni@m2larchitetti.com e tutti i vostri dati sensibili saranno cancellati.<\/p>\n<h6>Dati di utilizzo<\/h6>\n<p>I dati di utilizzo vengono raccolti automaticamente quando si utilizza il Servizio.<\/p>\n<p>I dati di utilizzo possono includere informazioni quali l&#8217;indirizzo del protocollo Internet del dispositivo (ad es. Indirizzo IP), il tipo di browser, la versione del browser, le pagine del nostro servizio visitate, l&#8217;ora e la data della visita, il tempo trascorso in tali pagine, il dispositivo unico identificatori e altri dati diagnostici.<\/p>\n<p>Quando accedi al Servizio da o tramite un dispositivo mobile, potremmo raccogliere automaticamente determinate informazioni, incluso, ma non limitato a, il tipo di dispositivo mobile che usi, l&#8217;ID univoco del tuo dispositivo mobile, l&#8217;indirizzo IP del tuo dispositivo mobile, il tuo cellulare sistema operativo, il tipo di browser Internet mobile utilizzato, identificativi univoci del dispositivo e altri dati diagnostici.<\/p>\n<p>Potremmo anche raccogliere informazioni che il tuo browser invia ogni volta che visiti il \u200b\u200bnostro servizio o quando accedi al servizio da o tramite un dispositivo mobile.<\/p>\n<h6>Tecnologie di tracciamento e cookie<\/h6>\n<p>Utilizziamo cookie e tecnologie di tracciamento simili per tracciare l&#8217;attivit\u00e0 sul nostro servizio e archiviare determinate informazioni. Le tecnologie di tracciamento utilizzate sono beacon, tag e script per raccogliere e tracciare informazioni e migliorare e analizzare il nostro servizio.<\/p>\n<p>Puoi indicare al tuo browser di rifiutare tutti i cookie o di indicare quando viene inviato un cookie. Tuttavia, se non si accettano i cookie, potrebbe non essere possibile utilizzare alcune parti del nostro servizio.<\/p>\n<p>I cookie possono essere cookie &#8220;persistenti&#8221; o &#8220;di sessione&#8221;. I cookie persistenti rimangono sul personal computer o sul dispositivo mobile quando si \u00e8 offline, mentre i cookie di sessione vengono eliminati non appena si chiude il browser Web. Ulteriori informazioni sui cookie qui: <a href=\"https:\/\/policies.google.com\/technologies\/cookies?hl=en-US\">https:\/\/policies.google.com\/technologies\/cookies?hl=en-US<\/a> .<\/p>\n<p>Utilizziamo i cookie di sessione e persistenti per gli scopi indicati di seguito:<\/p>\n<ul>\n<li><strong> Cookie necessari \/ essenziali<\/strong><\/li>\n<\/ul>\n<p>Tipo: cookie di sessione<\/p>\n<p>Amministrato da: CLIENTE<\/p>\n<p>Scopo: questi cookie sono essenziali per offrirti i servizi disponibili attraverso il sito Web e per consentirti di utilizzare alcune delle sue funzionalit\u00e0. Aiutano ad autenticare gli utenti e prevenire l&#8217;uso fraudolento degli account degli utenti. Senza questi cookie, i servizi richiesti non possono essere forniti e utilizziamo questi cookie solo per fornirti tali servizi.<\/p>\n<ul>\n<li><strong> Cookie Cookies \/ Avviso Accettazione dei cookie<\/strong><\/li>\n<\/ul>\n<p>Tipo: cookie persistenti<\/p>\n<p>Amministrato da: CLIENTE<\/p>\n<p>Scopo: questi cookie identificano se gli utenti hanno accettato l&#8217;uso dei cookie sul sito Web.<\/p>\n<ul>\n<li><strong> Cookie di funzionalit\u00e0<\/strong><\/li>\n<\/ul>\n<p>Tipo: cookie persistenti<\/p>\n<p>Amministrato da: CLIENTE<\/p>\n<p>Scopo: questi cookie ci consentono di ricordare le scelte che fai quando utilizzi il sito Web, come ricordare i dettagli di accesso o le preferenze della lingua. Lo scopo di questi cookie \u00e8 di offrirti un&#8217;esperienza pi\u00f9 personale ed evitare di dover reinserire le tue preferenze ogni volta che usi il sito web.<\/p>\n<ul>\n<li><strong> Cookie di tracciamento e prestazioni<\/strong><\/li>\n<\/ul>\n<p>Tipo: cookie persistenti<\/p>\n<p>Amministrato da: TERZE PARTI<\/p>\n<p>Scopo: questi cookie sono utilizzati per tracciare informazioni sul traffico al sito Web e su come gli utenti utilizzano il sito Web. Le informazioni raccolte tramite questi cookie possono identificarti direttamente o indirettamente come un singolo visitatore. Questo perch\u00e9 le informazioni raccolte sono in genere collegate a un identificativo pseudonimo associato al dispositivo utilizzato per accedere al sito Web. Potremmo anche utilizzare questi cookie per testare nuove pubblicit\u00e0, pagine, caratteristiche o nuove funzionalit\u00e0 del sito Web per vedere come i nostri utenti reagiscono ad essi.<\/p>\n<h6>Uso dei tuoi dati personali<\/h6>\n<p>La Societ\u00e0 pu\u00f2 utilizzare i Dati personali per i seguenti scopi:<\/p>\n<ul>\n<li><strong> Fornire e mantenere il nostro SERVIZIO<\/strong>, incluso il monitoraggio dell&#8217;uso del nostro SERVIZIO.<\/li>\n<li><strong>Per gestire il tuo ACCOUNT<\/strong>: per gestire la tua registrazione come utente del servizio. I dati personali forniti possono darti accesso a diverse funzionalit\u00e0 del servizio a tua disposizione come utente registrato.<\/li>\n<li><strong>Per l&#8217;esecuzione di un contratto:<\/strong> lo sviluppo, la conformit\u00e0 e l&#8217;impegno del contratto di acquisto per prodotti, articoli o servizi acquistati o di qualsiasi altro contratto con noi tramite il SERVIZIO.<\/li>\n<li><strong> Per contattarti:<\/strong> per contattarti tramite e-mail, telefonate, SMS o altre forme equivalenti di comunicazione elettronica, come le notifiche push di un&#8217;applicazione mobile relative ad aggiornamenti o comunicazioni informative relative a funzionalit\u00e0, prodotti o servizi contrattati, inclusi gli aggiornamenti di sicurezza , quando necessario o ragionevole per la loro attuazione.<\/li>\n<li><strong>Fornire<\/strong> notizie al CLIENTE, offerte speciali e informazioni generali su altri beni, servizi ed eventi che offriamo simili a quelli che hai gi\u00e0 acquistato o richiesto a meno che tu non abbia scelto di non ricevere tali informazioni.<\/li>\n<li><strong>Gestire<\/strong> le richieste del CLIENTE: partecipare e gestire le tue richieste a noi.<\/li>\n<\/ul>\n<p>Potremmo condividere le informazioni personali del CLIENTE nelle seguenti situazioni:<\/p>\n<ul>\n<li><strong> Con i fornitori di servizi:<\/strong> possiamo condividere le tue informazioni personali con i fornitori di servizi per monitorare e analizzare l&#8217;uso del nostro servizio, per contattarti.<\/li>\n<li><strong> Per i trasferimenti aziendali:<\/strong> possiamo condividere o trasferire le tue informazioni personali in relazione o durante le negoziazioni di qualsiasi fusione, vendita di beni aziendali, finanziamenti o acquisizioni di tutta o parte della nostra attivit\u00e0 a un&#8217;altra societ\u00e0.<\/li>\n<li><strong> Con gli affiliati: <\/strong>potremmo condividere le tue informazioni con i nostri affiliati, nel qual caso richiederemo a tali affiliati di rispettare questa Informativa sulla privacy. Gli affiliati includono la nostra societ\u00e0 madre e tutte le altre filiali, partner di joint venture o altre societ\u00e0 che controlliamo o che sono sotto controllo comune con noi.<\/li>\n<li><strong> Con i partner commerciali:<\/strong> possiamo condividere le tue informazioni con i nostri partner commerciali per offrirti determinati prodotti, servizi o promozioni.<\/li>\n<li><strong> Con altri utenti:<\/strong> quando condividi informazioni personali o interagisci in altro modo nelle aree pubbliche con altri utenti, tali informazioni possono essere visualizzate da tutti gli utenti e possono essere distribuite pubblicamente all&#8217;esterno. Se interagisci con altri utenti o ti registri attraverso un servizio di social media di terze parti, i tuoi contatti sul servizio di social media di terze parti potrebbero vederti nome, profilo, immagini e descrizione della tua attivit\u00e0. Allo stesso modo, altri utenti saranno in grado di visualizzare le descrizioni della tua attivit\u00e0, comunicare con te e visualizzare il tuo profilo.<\/li>\n<\/ul>\n<h6>Conservazione dei dati personali dell&#8217;utente<\/h6>\n<p>La SOCIET\u00c0 conserver\u00e0 i tuoi dati personali solo per il tempo necessario agli scopi indicati nella presente Informativa sulla privacy. Conserveremo e utilizzeremo i tuoi dati personali nella misura necessaria per ottemperare ai nostri obblighi legali (ad esempio, se ci viene richiesto di conservare i tuoi dati per rispettare le leggi applicabili), risolvere controversie e far rispettare i nostri accordi e politiche legali.<\/p>\n<p>La SOCIET\u00c0 conserver\u00e0 inoltre i Dati di utilizzo a fini di analisi interna. I dati di utilizzo vengono generalmente conservati per un periodo di tempo pi\u00f9 breve, tranne quando questi dati vengono utilizzati per rafforzare la sicurezza o per migliorare la funzionalit\u00e0 del nostro servizio o siamo legalmente obbligati a conservare questi dati per periodi di tempo pi\u00f9 lunghi.<\/p>\n<h6>Trasferimento dei tuoi dati personali<\/h6>\n<p>Le tue informazioni, compresi i DATI PERSONALI, vengono elaborate presso gli uffici operativi della SOCIET\u00c0 e in qualsiasi altro luogo in cui si trovano le parti coinvolte nel trattamento. Ci\u00f2 significa che queste informazioni possono essere trasferite su &#8211; e mantenute su &#8211; computer situati al di fuori del tuo stato, provincia, paese o altra giurisdizione governativa in cui le leggi sulla protezione dei dati possono differire da quelle della tua giurisdizione.<\/p>\n<p>Il tuo consenso alla presente Informativa sulla privacy seguito dalla tua presentazione di tali informazioni rappresenta il tuo consenso a tale trasferimento.<\/p>\n<h6>Divulgazione dei dati personali dell&#8217;utente<\/h6>\n<p>Transazione d&#8217;affari<\/p>\n<p>Se la Societ\u00e0 \u00e8 coinvolta in una fusione, acquisizione o vendita di attivit\u00e0, i Dati personali dell&#8217;utente potrebbero essere trasferiti. Informeremo prima che i tuoi dati personali vengano trasferiti e diventino soggetti a una diversa Informativa sulla privacy.<\/p>\n<p>Forze dell&#8217;ordine<\/p>\n<p>In determinate circostanze, la SOCIET\u00c0 potrebbe essere tenuta a divulgare i tuoi dati personali se richiesto dalla legge o in risposta a richieste valide da parte di autorit\u00e0 pubbliche (ad esempio un tribunale o un ente governativo).<\/p>\n<h6>Altri requisiti legali<\/h6>\n<p>La SOCIET\u00c0 pu\u00f2 divulgare i dati personali dell&#8217;utente in buona fede ritenendo che tale azione sia necessaria per:<\/p>\n<ul>\n<li>Rispettare un obbligo legale.<\/li>\n<li>Proteggere e difendere i diritti o la propriet\u00e0 della Societ\u00e0.<\/li>\n<li>Prevenire o indagare su possibili illeciti in relazione al Servizio.<\/li>\n<li>Proteggere la sicurezza personale degli Utenti del Servizio o del pubblico.<\/li>\n<li>Proteggere da responsabilit\u00e0 legale.<\/li>\n<\/ul>\n<p>La SOCIET\u00c0 prender\u00e0 tutte le misure ragionevolmente necessarie per garantire che i tuoi dati vengano trattati in modo sicuro e in conformit\u00e0 con la presente Informativa sulla privacy e che nessun trasferimento dei tuoi dati personali avr\u00e0 luogo a un&#8217;organizzazione o un paese a meno che non siano in atto controlli adeguati, inclusa la sicurezza di I tuoi dati e altre informazioni personali.<\/p>\n<h6>Sicurezza dei tuoi dati personali<\/h6>\n<p>La sicurezza dei tuoi dati personali \u00e8 importante per noi, ma ricorda che nessun metodo di trasmissione su Internet o metodo di archiviazione elettronica \u00e8 sicuro al 100%. Sebbene ci impegniamo a utilizzare mezzi commercialmente accettabili per proteggere i tuoi dati personali, non possiamo garantirne la sicurezza assoluta.<\/p>\n<p>Informazioni dettagliate sul trattamento dei dati personali.<\/p>\n<p>I fornitori di servizi hanno accesso ai tuoi dati personali solo per svolgere i loro compiti per nostro conto e sono obbligati a non divulgarli o utilizzarli per altri scopi.<\/p>\n","protected":false},"excerpt":{"rendered":"<p>Politica di tutela della privacy RT 13 D. LGS. 30\/06\/2003 N. 196 Ultimo Update: 09 Aprile 2021 Questo documento sulla<\/p>\n","protected":false},"author":2,"featured_media":0,"parent":0,"menu_order":0,"comment_status":"closed","ping_status":"closed","template":"","meta":[],"featured_image_src":null,"featured_image_src_square":null,"_links":{"self":[{"href":"https:\/\/www.m2larchitetti.com\/index.php\/wp-json\/wp\/v2\/pages\/2991"}],"collection":[{"href":"https:\/\/www.m2larchitetti.com\/index.php\/wp-json\/wp\/v2\/pages"}],"about":[{"href":"https:\/\/www.m2larchitetti.com\/index.php\/wp-json\/wp\/v2\/types\/page"}],"author":[{"embeddable":true,"href":"https:\/\/www.m2larchitetti.com\/index.php\/wp-json\/wp\/v2\/users\/2"}],"replies":[{"embeddable":true,"href":"https:\/\/www.m2larchitetti.com\/index.php\/wp-json\/wp\/v2\/comments?post=2991"}],"version-history":[{"count":3,"href":"https:\/\/www.m2larchitetti.com\/index.php\/wp-json\/wp\/v2\/pages\/2991\/revisions"}],"predecessor-version":[{"id":3231,"href":"https:\/\/www.m2larchitetti.com\/index.php\/wp-json\/wp\/v2\/pages\/2991\/revisions\/3231"}],"wp:attachment":[{"href":"https:\/\/www.m2larchitetti.com\/index.php\/wp-json\/wp\/v2\/media?parent=2991"}],"curies":[{"name":"wp","href":"https:\/\/api.w.org\/{rel}","templated":true}]}}