{"id":2935,"date":"2021-04-02T18:30:01","date_gmt":"2021-04-02T16:30:01","guid":{"rendered":"http:\/\/www.m2larchitetti.com\/?page_id=2935"},"modified":"2021-04-12T16:20:31","modified_gmt":"2021-04-12T14:20:31","slug":"servizi","status":"publish","type":"page","link":"https:\/\/www.m2larchitetti.com\/index.php\/servizi\/","title":{"rendered":"Servizi"},"content":{"rendered":"<p>[vc_row full_width=&#8221;stretch_row_content_no_spaces&#8221; desctop_mt=&#8221;margin-lg-65t&#8221; tablets_mt=&#8221;margin-sm-50t&#8221;][vc_column][vc_wrapper title=&#8221;Un servizio completo&#8221; subtitle=&#8221;SERVIZI&#8221; image=&#8221;3049&#8243; color_style=&#8221;light&#8221;][vc_projects_posts templates=&#8221;services&#8221; post_type=&#8221;services&#8221; total_columns=&#8221;prague_count_col3&#8243; gap_columns=&#8221;prague_gap_col15&#8243; button_style=&#8221;creative&#8221; button_link_class=&#8221;prague-services-link a-btn-2 creative&#8221; button_span_class=&#8221;a-btn-line&#8221; posts_per_page=&#8221;6&#8243;][\/vc_wrapper][\/vc_column][\/vc_row][vc_row full_width=&#8221;stretch_row_content_no_spaces&#8221; desctop_mt=&#8221;margin-lg-15t&#8221; tablets_mt=&#8221;margin-sm-20t&#8221;][vc_column desctop_pt=&#8221;padding-lg-0t&#8221; tablets_pt=&#8221;padding-sm-0t&#8221; mobile_pt=&#8221;padding-xs-0t&#8221; css=&#8221;.vc_custom_1618237176894{padding-top: 0px !important;}&#8221;][vc_single_image image=&#8221;3051&#8243; img_size=&#8221;full&#8221; css=&#8221;.vc_custom_1618237225697{padding-top: 0px !important;}&#8221;][\/vc_column][\/vc_row][vc_row desctop_mt=&#8221;margin-lg-20t&#8221; desctop_pt=&#8221;padding-lg-5t&#8221;][vc_column][vc_empty_space height=&#8221;50px&#8221;][vc_custom_heading text=&#8221;Le competenze acquisite consentono oggi allo studio di:&#8221; font_container=&#8221;tag:h3|text_align:left|color:%23202328&#8243; use_theme_fonts=&#8221;yes&#8221;][\/vc_column][\/vc_row][vc_row desctop_mt=&#8221;margin-lg-25t&#8221; desctop_mb=&#8221;margin-lg-140b&#8221; tablets_mt=&#8221;margin-sm-20t&#8221; tablets_mb=&#8221;margin-sm-70b&#8221;][vc_column][vc_empty_space height=&#8221;50px&#8221;][vc_column_text]<\/p>\n<p style=\"padding-left: 80px;\"><span style=\"font-weight: 400;\">Progettare soluzioni mirate, accompagnando il cliente dalla fase ideativa a quella esecutiva;<\/span><\/p>\n<p>&nbsp;<\/p>\n<p style=\"padding-left: 80px;\"><span style=\"font-weight: 400;\">Coordinare i soggetti coinvolti nelle fasi di gestione del processo (imprese esecutrici e professionisti del settore) mettendo sempre al centro le esigenze del committente;<\/span><\/p>\n<p>&nbsp;<\/p>\n<p style=\"padding-left: 80px;\"><span style=\"font-weight: 400;\">Gestire e controllare i tempi e i costi del progetto;<\/span><\/p>\n<p>&nbsp;<\/p>\n<p style=\"padding-left: 80px;\"><span style=\"font-weight: 400;\">Progettare opere che rispettino i criteri di qualit\u00e0, funzionalit\u00e0, sostenibilit\u00e0 economica, sostenibilit\u00e0 ambientale e manutenibilit\u00e0.<\/span><\/p>\n<p>[\/vc_column_text][\/vc_column][\/vc_row]<\/p>\n","protected":false},"excerpt":{"rendered":"<p>[vc_row full_width=&#8221;stretch_row_content_no_spaces&#8221; desctop_mt=&#8221;margin-lg-65t&#8221; tablets_mt=&#8221;margin-sm-50t&#8221;][vc_column][vc_wrapper title=&#8221;Un servizio completo&#8221; subtitle=&#8221;SERVIZI&#8221; image=&#8221;3049&#8243; color_style=&#8221;light&#8221;][vc_projects_posts templates=&#8221;services&#8221; post_type=&#8221;services&#8221; total_columns=&#8221;prague_count_col3&#8243; gap_columns=&#8221;prague_gap_col15&#8243; button_style=&#8221;creative&#8221; button_link_class=&#8221;prague-services-link a-btn-2 creative&#8221; button_span_class=&#8221;a-btn-line&#8221; posts_per_page=&#8221;6&#8243;][\/vc_wrapper][\/vc_column][\/vc_row][vc_row<\/p>\n","protected":false},"author":2,"featured_media":0,"parent":0,"menu_order":0,"comment_status":"closed","ping_status":"closed","template":"","meta":[],"featured_image_src":null,"featured_image_src_square":null,"_links":{"self":[{"href":"https:\/\/www.m2larchitetti.com\/index.php\/wp-json\/wp\/v2\/pages\/2935"}],"collection":[{"href":"https:\/\/www.m2larchitetti.com\/index.php\/wp-json\/wp\/v2\/pages"}],"about":[{"href":"https:\/\/www.m2larchitetti.com\/index.php\/wp-json\/wp\/v2\/types\/page"}],"author":[{"embeddable":true,"href":"https:\/\/www.m2larchitetti.com\/index.php\/wp-json\/wp\/v2\/users\/2"}],"replies":[{"embeddable":true,"href":"https:\/\/www.m2larchitetti.com\/index.php\/wp-json\/wp\/v2\/comments?post=2935"}],"version-history":[{"count":18,"href":"https:\/\/www.m2larchitetti.com\/index.php\/wp-json\/wp\/v2\/pages\/2935\/revisions"}],"predecessor-version":[{"id":3048,"href":"https:\/\/www.m2larchitetti.com\/index.php\/wp-json\/wp\/v2\/pages\/2935\/revisions\/3048"}],"wp:attachment":[{"href":"https:\/\/www.m2larchitetti.com\/index.php\/wp-json\/wp\/v2\/media?parent=2935"}],"curies":[{"name":"wp","href":"https:\/\/api.w.org\/{rel}","templated":true}]}}